{"id":3,"date":"2024-07-27T13:08:50","date_gmt":"2024-07-27T13:08:50","guid":{"rendered":"https:\/\/engerali.pt\/?page_id=3"},"modified":"2024-07-27T17:16:54","modified_gmt":"2024-07-27T17:16:54","slug":"privacy-policy","status":"publish","type":"page","link":"https:\/\/engerali.pt\/?page_id=3","title":{"rendered":"Pol\u00edtica de Privacidade"},"content":{"rendered":"\n<div class=\"wp-block-group has-global-padding is-layout-constrained wp-block-group-is-layout-constrained\">\n<p>1. \u00c2mbito da nossa Pol\u00edtica de Privacidade<\/p>\n\n\n\n<p>A ENGERALI respeita a privacidade do Utilizador e processa os seus dados pessoais de acordo com as leis em vigor. Os dados n\u00e3o ser\u00e3o processados para quaisquer outros fins que n\u00e3o os aqui especificados. A Dire\u00e7\u00e3o da  ENGERALI reserva-se no direito de atualizar ou modificar a sua Pol\u00edtica de Privacidade a qualquer momento, nomeadamente, de forma a adapt\u00e1-la a altera\u00e7\u00f5es legislativas.<\/p>\n\n\n\n<p>2. Para que fins s\u00e3o recolhidos dados pessoais do Utilizador?<\/p>\n\n\n\n<p>Os dados recolhidos nos formul\u00e1rios do website destinam-se exclusivamente ao processamento dos pedidos dos utilizadores , e n\u00e3o ser\u00e3o usados para qualquer outro processamento.<\/p>\n\n\n\n<p>3. A equipa ENGERALI utiliza os dados pessoais recolhidos para Marketing Direto?<\/p>\n\n\n\n<p>A equipa ENGERALI n\u00e3o utilizar\u00e1 os seus dados pessoais para lhe enviar qualquer correio n\u00e3o solicitado cujo conte\u00fado n\u00e3o tenha recebido o seu consentimento expl\u00edcito. A equipa ENGERALI n\u00e3o vende nem negocia os seus dados com terceiros.<\/p>\n\n\n\n<p>4. Quem tem acesso aos dados pessoais do Utilizador?<\/p>\n\n\n\n<p>A equipa ENGERALI n\u00e3o divulga a terceiros quaisquer dados pessoais dos seus Clientes e Utilizadores, sem o seu consentimento, exceto quando tal for exigido por lei.<\/p>\n\n\n\n<p>5. Onde s\u00e3o guardados os dados do Utilizador?<\/p>\n\n\n\n<p>A ENGERALI guarda os dados dos seus clientes e Utilizadores nos seus servidores localizados na Uni\u00e3o Europeia. Estes servidores s\u00e3o protegidos e mantidos de acordo com os mais elevados standards de seguran\u00e7a e por forma a respeitar as leis de privacidade aplic\u00e1veis. Caso deseje ser removido da nossa base de dados, poder\u00e1 exercer esse direito, contactando-nos atrav\u00e9s dos diversos meios dispon\u00edveis no site.<\/p>\n\n\n\n<p>6. A ENGERALI utiliza cookies no seu Website?<\/p>\n\n\n\n<p>O website da ENGERALI utiliza cookies em determinadas \u00e1reas. Os cookies s\u00e3o ficheiros que armazenam informa\u00e7\u00f5es no disco r\u00edgido ou browser do Utilizador, permitindo que os websites o reconhe\u00e7am e saibam que j\u00e1 os visitou anteriormente. O Utilizador pode configurar o seu browser para recusar os cookies, por\u00e9m nesse caso, o website ou partes do mesmo podem n\u00e3o funcionar corretamente. Os cookies s\u00e3o utilizados para monitorizar e analisar a utiliza\u00e7\u00e3o do website, permitindo \u00e0 ENGERALI proporcionar a melhor experi\u00eancia de utiliza\u00e7\u00e3o.<\/p>\n<\/div>\n","protected":false},"excerpt":{"rendered":"<p>1. \u00c2mbito da nossa Pol\u00edtica de Privacidade A ENGERALI respeita a privacidade do Utilizador e processa os seus dados pessoais de acordo com as leis em vigor. Os dados n\u00e3o ser\u00e3o processados para quaisquer outros fins que n\u00e3o os aqui especificados. A Dire\u00e7\u00e3o da ENGERALI reserva-se no direito de atualizar ou modificar a sua Pol\u00edtica [&hellip;]<\/p>\n","protected":false},"author":1,"featured_media":0,"parent":0,"menu_order":0,"comment_status":"closed","ping_status":"closed","template":"","meta":{"footnotes":""},"class_list":["post-3","page","type-page","status-publish","hentry"],"_links":{"self":[{"href":"https:\/\/engerali.pt\/index.php?rest_route=\/wp\/v2\/pages\/3","targetHints":{"allow":["GET"]}}],"collection":[{"href":"https:\/\/engerali.pt\/index.php?rest_route=\/wp\/v2\/pages"}],"about":[{"href":"https:\/\/engerali.pt\/index.php?rest_route=\/wp\/v2\/types\/page"}],"author":[{"embeddable":true,"href":"https:\/\/engerali.pt\/index.php?rest_route=\/wp\/v2\/users\/1"}],"replies":[{"embeddable":true,"href":"https:\/\/engerali.pt\/index.php?rest_route=%2Fwp%2Fv2%2Fcomments&post=3"}],"version-history":[{"count":7,"href":"https:\/\/engerali.pt\/index.php?rest_route=\/wp\/v2\/pages\/3\/revisions"}],"predecessor-version":[{"id":70,"href":"https:\/\/engerali.pt\/index.php?rest_route=\/wp\/v2\/pages\/3\/revisions\/70"}],"wp:attachment":[{"href":"https:\/\/engerali.pt\/index.php?rest_route=%2Fwp%2Fv2%2Fmedia&parent=3"}],"curies":[{"name":"wp","href":"https:\/\/api.w.org\/{rel}","templated":true}]}}